{"id":5666,"date":"2023-03-03T07:52:42","date_gmt":"2023-03-03T07:52:42","guid":{"rendered":"https:\/\/www.puranutrition.com.mx\/?post_type=product&#038;p=5666"},"modified":"2023-03-03T08:01:17","modified_gmt":"2023-03-03T08:01:17","slug":"pyrodex","status":"publish","type":"product","link":"https:\/\/www.puranutrition.com.mx\/index.php\/product\/pyrodex\/","title":{"rendered":"Pyrodex"},"content":{"rendered":"<p class=\"western\" lang=\"es-MX\"><span style=\"font-family: Calibri, serif;\"><strong>Descripci\u00f3n:<\/strong><br \/>\n<\/span><span style=\"font-family: Calibri, serif;\">El potente termog\u00e9nico Pyrodex es un quemador de grasa con potentes efectos, combinaci\u00f3n de estimulantes que crea una acci\u00f3n integral. Mantiene bajos los niveles de agua corporal. Pyrodex te permite lograr el llamado corte final de tu silueta. <\/span><\/p>\n","protected":false},"excerpt":{"rendered":"<p class=\"western\" lang=\"es-MX\"><span style=\"font-family: Calibri, serif;\"><strong>Beneficios:<\/strong><br \/>\n<\/span><span style=\"font-family: Calibri, serif;\">Reduce la grasa corporal<br \/>\n<\/span><span style=\"font-family: Calibri, serif;\">Controla los antojos y frena el apetito<br \/>\n<\/span><span style=\"font-family: Calibri, serif;\">Mejora el enfoque<br \/>\n<\/span><a name=\"_GoBack\"><\/a><span style=\"font-family: Calibri, serif;\">Mayor energ\u00eda<\/span><\/p>\n<p class=\"western\" lang=\"es-MX\"><span style=\"font-family: Calibri, serif;\"><strong>Uso sugerido:<\/strong><br \/>\n<\/span><span style=\"font-family: Calibri, serif;\">Ingerir 4 c\u00e1psulas<br \/>\n<\/span><span style=\"font-family: Calibri, serif;\">Tomar 30 minutos antes del entrenamiento.<\/span><\/p>\n","protected":false},"featured_media":5669,"comment_status":"closed","ping_status":"closed","template":"","meta":[],"product_cat":[16],"product_tag":[],"_links":{"self":[{"href":"https:\/\/www.puranutrition.com.mx\/index.php\/wp-json\/wp\/v2\/product\/5666"}],"collection":[{"href":"https:\/\/www.puranutrition.com.mx\/index.php\/wp-json\/wp\/v2\/product"}],"about":[{"href":"https:\/\/www.puranutrition.com.mx\/index.php\/wp-json\/wp\/v2\/types\/product"}],"replies":[{"embeddable":true,"href":"https:\/\/www.puranutrition.com.mx\/index.php\/wp-json\/wp\/v2\/comments?post=5666"}],"wp:featuredmedia":[{"embeddable":true,"href":"https:\/\/www.puranutrition.com.mx\/index.php\/wp-json\/wp\/v2\/media\/5669"}],"wp:attachment":[{"href":"https:\/\/www.puranutrition.com.mx\/index.php\/wp-json\/wp\/v2\/media?parent=5666"}],"wp:term":[{"taxonomy":"product_cat","embeddable":true,"href":"https:\/\/www.puranutrition.com.mx\/index.php\/wp-json\/wp\/v2\/product_cat?post=5666"},{"taxonomy":"product_tag","embeddable":true,"href":"https:\/\/www.puranutrition.com.mx\/index.php\/wp-json\/wp\/v2\/product_tag?post=5666"}],"curies":[{"name":"wp","href":"https:\/\/api.w.org\/{rel}","templated":true}]}}