{"id":451,"date":"2022-10-26T07:46:59","date_gmt":"2022-10-26T07:46:59","guid":{"rendered":"https:\/\/www.puranutrition.com.mx\/?post_type=product&#038;p=451"},"modified":"2022-11-09T08:57:04","modified_gmt":"2022-11-09T08:57:04","slug":"uproar","status":"publish","type":"product","link":"https:\/\/www.puranutrition.com.mx\/index.php\/product\/uproar\/","title":{"rendered":"UP-ROAR"},"content":{"rendered":"<p>Con UPROAR puede esperar un aumento masivo en los niveles de \u00f3xido n\u00edtrico, este producto contiene las dosis cl\u00ednicas completas de los compuestos y funcionar\u00e1 sin\u00e9rgicamente para alimentar incluso los entrenamientos m\u00e1s duros.<\/p>\n<p>Tiene una dosis masiva de 6 g. de citrulina y posee una poderosa matriz estimulante compuesta por una alta dosis de cafeina.<\/p>\n","protected":false},"excerpt":{"rendered":"<p>Beneficios:<br \/>\nMayor Fuerza<br \/>\nMayor Resistencia Muscular<br \/>\nMayor Enfoque<\/p>\n<p>Uso Sugerido:<br \/>\nMezclar 1 cucharada con 6 a 8 oz de agua<br \/>\nTomar 20 minutos antes del entrenamiento<\/p>\n","protected":false},"featured_media":452,"comment_status":"closed","ping_status":"closed","template":"","meta":[],"product_cat":[19],"product_tag":[],"_links":{"self":[{"href":"https:\/\/www.puranutrition.com.mx\/index.php\/wp-json\/wp\/v2\/product\/451"}],"collection":[{"href":"https:\/\/www.puranutrition.com.mx\/index.php\/wp-json\/wp\/v2\/product"}],"about":[{"href":"https:\/\/www.puranutrition.com.mx\/index.php\/wp-json\/wp\/v2\/types\/product"}],"replies":[{"embeddable":true,"href":"https:\/\/www.puranutrition.com.mx\/index.php\/wp-json\/wp\/v2\/comments?post=451"}],"wp:featuredmedia":[{"embeddable":true,"href":"https:\/\/www.puranutrition.com.mx\/index.php\/wp-json\/wp\/v2\/media\/452"}],"wp:attachment":[{"href":"https:\/\/www.puranutrition.com.mx\/index.php\/wp-json\/wp\/v2\/media?parent=451"}],"wp:term":[{"taxonomy":"product_cat","embeddable":true,"href":"https:\/\/www.puranutrition.com.mx\/index.php\/wp-json\/wp\/v2\/product_cat?post=451"},{"taxonomy":"product_tag","embeddable":true,"href":"https:\/\/www.puranutrition.com.mx\/index.php\/wp-json\/wp\/v2\/product_tag?post=451"}],"curies":[{"name":"wp","href":"https:\/\/api.w.org\/{rel}","templated":true}]}}