{"id":447,"date":"2022-10-26T07:43:25","date_gmt":"2022-10-26T07:43:25","guid":{"rendered":"https:\/\/www.puranutrition.com.mx\/?post_type=product&#038;p=447"},"modified":"2022-11-09T08:57:57","modified_gmt":"2022-11-09T08:57:57","slug":"thermo","status":"publish","type":"product","link":"https:\/\/www.puranutrition.com.mx\/index.php\/product\/thermo\/","title":{"rendered":"THERMO"},"content":{"rendered":"<p>Thermo 2000 ayuda a perder grasa sin estimulantes, lleva el quemador de grasa tradicional a base de L- Carnitina a otro nivel a\u00f1adiendo ingredientes de termog\u00e9nesis intenso, acelera el metabolismo e ingredientes que impulsan la concentraci\u00f3n. Optimiza las capacidades del cuerpo para convertir la grasa en energ\u00eda.<\/p>\n","protected":false},"excerpt":{"rendered":"<p>Beneficios:<br \/>\nApoya el metabolismo de las grasas<br \/>\nMejora la concentraci\u00f3n mental\u00a0 y enfoque<br \/>\nMejora el rendimiento y la recuperaci\u00f3n.<\/p>\n<p>Uso Sugerido:<br \/>\nIngerir de \u00bd a 1 tapa al d\u00eda<br \/>\nTomar 30 minutos antes del entrenamiento o de cualquier actividad.<\/p>\n","protected":false},"featured_media":448,"comment_status":"closed","ping_status":"closed","template":"","meta":[],"product_cat":[21],"product_tag":[],"_links":{"self":[{"href":"https:\/\/www.puranutrition.com.mx\/index.php\/wp-json\/wp\/v2\/product\/447"}],"collection":[{"href":"https:\/\/www.puranutrition.com.mx\/index.php\/wp-json\/wp\/v2\/product"}],"about":[{"href":"https:\/\/www.puranutrition.com.mx\/index.php\/wp-json\/wp\/v2\/types\/product"}],"replies":[{"embeddable":true,"href":"https:\/\/www.puranutrition.com.mx\/index.php\/wp-json\/wp\/v2\/comments?post=447"}],"wp:featuredmedia":[{"embeddable":true,"href":"https:\/\/www.puranutrition.com.mx\/index.php\/wp-json\/wp\/v2\/media\/448"}],"wp:attachment":[{"href":"https:\/\/www.puranutrition.com.mx\/index.php\/wp-json\/wp\/v2\/media?parent=447"}],"wp:term":[{"taxonomy":"product_cat","embeddable":true,"href":"https:\/\/www.puranutrition.com.mx\/index.php\/wp-json\/wp\/v2\/product_cat?post=447"},{"taxonomy":"product_tag","embeddable":true,"href":"https:\/\/www.puranutrition.com.mx\/index.php\/wp-json\/wp\/v2\/product_tag?post=447"}],"curies":[{"name":"wp","href":"https:\/\/api.w.org\/{rel}","templated":true}]}}