{"id":440,"date":"2022-10-26T07:40:44","date_gmt":"2022-10-26T07:40:44","guid":{"rendered":"https:\/\/www.puranutrition.com.mx\/?post_type=product&#038;p=440"},"modified":"2022-11-09T08:58:25","modified_gmt":"2022-11-09T08:58:25","slug":"slim-active-gel","status":"publish","type":"product","link":"https:\/\/www.puranutrition.com.mx\/index.php\/product\/slim-active-gel\/","title":{"rendered":"SLIM ACTIVE GEL"},"content":{"rendered":"<p>Slim Active es un gel reductor que combate eficazmente la grasa localizada en las zonas m\u00e1s dif\u00edciles de tratar. La combinaci\u00f3n de l-carnitina y cafe\u00edna con sus extractos de t\u00e9 verde, garcinia cambogia y algas, lo convierten en un completo tratamiento liporeductor, quemagrasas y regenerador de tejidos. Slim Active est\u00e1 desarrollado para aportar un mejor aspecto a la piel gracias a sus ingredientes que act\u00faan sin\u00e9rgicamente favoreciendo la tonificaci\u00f3n, la firmeza y afinando la silueta y aportando adem\u00e1s un aspecto hidratado, terso y firme.<\/p>\n","protected":false},"excerpt":{"rendered":"<p>Beneficios:<br \/>\nReduce grasa corporal<br \/>\nRegenera tejidos<br \/>\nMejora la circulaci\u00f3n sanguinea<\/p>\n<p>Uso Sugerido:<br \/>\nAplicar ma\u00f1ana y noche en la zona a tratar, con la piel limpia y seca, realizando masajes circulares.<\/p>\n","protected":false},"featured_media":441,"comment_status":"closed","ping_status":"closed","template":"","meta":[],"product_cat":[21],"product_tag":[],"_links":{"self":[{"href":"https:\/\/www.puranutrition.com.mx\/index.php\/wp-json\/wp\/v2\/product\/440"}],"collection":[{"href":"https:\/\/www.puranutrition.com.mx\/index.php\/wp-json\/wp\/v2\/product"}],"about":[{"href":"https:\/\/www.puranutrition.com.mx\/index.php\/wp-json\/wp\/v2\/types\/product"}],"replies":[{"embeddable":true,"href":"https:\/\/www.puranutrition.com.mx\/index.php\/wp-json\/wp\/v2\/comments?post=440"}],"wp:featuredmedia":[{"embeddable":true,"href":"https:\/\/www.puranutrition.com.mx\/index.php\/wp-json\/wp\/v2\/media\/441"}],"wp:attachment":[{"href":"https:\/\/www.puranutrition.com.mx\/index.php\/wp-json\/wp\/v2\/media?parent=440"}],"wp:term":[{"taxonomy":"product_cat","embeddable":true,"href":"https:\/\/www.puranutrition.com.mx\/index.php\/wp-json\/wp\/v2\/product_cat?post=440"},{"taxonomy":"product_tag","embeddable":true,"href":"https:\/\/www.puranutrition.com.mx\/index.php\/wp-json\/wp\/v2\/product_tag?post=440"}],"curies":[{"name":"wp","href":"https:\/\/api.w.org\/{rel}","templated":true}]}}