{"id":435,"date":"2022-10-26T07:34:33","date_gmt":"2022-10-26T07:34:33","guid":{"rendered":"https:\/\/www.puranutrition.com.mx\/?post_type=product&#038;p=435"},"modified":"2022-11-09T08:58:59","modified_gmt":"2022-11-09T08:58:59","slug":"shwagandha","status":"publish","type":"product","link":"https:\/\/www.puranutrition.com.mx\/index.php\/product\/shwagandha\/","title":{"rendered":"ASHWAGANDHA"},"content":{"rendered":"<p>Relajante natural, extracto de ra\u00edz y hojas de ashwagandha adicionado con vitaminas y minerales, puede ayudar a\u00a0calmar el cerebro, reducir la hinchaz\u00f3n, disminuir la presi\u00f3n arterial y alterar el sistema inmunol\u00f3gico. Dado que la ashwagandha se usa tradicionalmente como adapt\u00f3geno, se usa para muchas afecciones relacionadas con el estr\u00e9s.<\/p>\n","protected":false},"excerpt":{"rendered":"<p>Beneficios:<br \/>\nReduce estr\u00e9s y tensi\u00f3n<br \/>\nMayor funci\u00f3n cognitiva<br \/>\nMejora la calidad de sue\u00f1o<\/p>\n<p>Uso Sugerido:<br \/>\nIngerir 1 c\u00e1psula<br \/>\nTomar en la comida.<\/p>\n","protected":false},"featured_media":436,"comment_status":"closed","ping_status":"closed","template":"","meta":[],"product_cat":[20],"product_tag":[],"_links":{"self":[{"href":"https:\/\/www.puranutrition.com.mx\/index.php\/wp-json\/wp\/v2\/product\/435"}],"collection":[{"href":"https:\/\/www.puranutrition.com.mx\/index.php\/wp-json\/wp\/v2\/product"}],"about":[{"href":"https:\/\/www.puranutrition.com.mx\/index.php\/wp-json\/wp\/v2\/types\/product"}],"replies":[{"embeddable":true,"href":"https:\/\/www.puranutrition.com.mx\/index.php\/wp-json\/wp\/v2\/comments?post=435"}],"wp:featuredmedia":[{"embeddable":true,"href":"https:\/\/www.puranutrition.com.mx\/index.php\/wp-json\/wp\/v2\/media\/436"}],"wp:attachment":[{"href":"https:\/\/www.puranutrition.com.mx\/index.php\/wp-json\/wp\/v2\/media?parent=435"}],"wp:term":[{"taxonomy":"product_cat","embeddable":true,"href":"https:\/\/www.puranutrition.com.mx\/index.php\/wp-json\/wp\/v2\/product_cat?post=435"},{"taxonomy":"product_tag","embeddable":true,"href":"https:\/\/www.puranutrition.com.mx\/index.php\/wp-json\/wp\/v2\/product_tag?post=435"}],"curies":[{"name":"wp","href":"https:\/\/api.w.org\/{rel}","templated":true}]}}