{"id":430,"date":"2022-10-26T07:31:48","date_gmt":"2022-10-26T07:31:48","guid":{"rendered":"https:\/\/www.puranutrition.com.mx\/?post_type=product&#038;p=430"},"modified":"2022-11-09T08:59:23","modified_gmt":"2022-11-09T08:59:23","slug":"booty-pumas","status":"publish","type":"product","link":"https:\/\/www.puranutrition.com.mx\/index.php\/product\/booty-pumas\/","title":{"rendered":"BOOTY PUMP &#038; CUTS"},"content":{"rendered":"<p>Pump &amp; Cuts de Fitt Brat es un pre-entrenamiento avanzado para aumentar la energ\u00eda, el enfoque y la p\u00e9rdida de peso. Pump &amp; Cuts proporciona la energ\u00eda que necesita para sostener incluso las sesiones de entrenamiento m\u00e1s intensas, al mismo tiempo que le da a su mente un enfoque extremo, lo que le permite concentrarse en el trabajo en cuesti\u00f3n. Nuestra f\u00f3rmula caracter\u00edstica est\u00e1 mejorada con propiedades termog\u00e9nicas a\u00f1adidas para ayudar a reducir la grasa corporal.<\/p>\n","protected":false},"excerpt":{"rendered":"<p>Beneficios:<br \/>\nEnerg\u00eda previa al entrenamiento<br \/>\nMejora de la p\u00e9rdida de peso<br \/>\nClaridad mental<\/p>\n<p>Uso Sugerido:<br \/>\nMezclar 1\/2 cucharada con 6 a 8 oz de agua<br \/>\nTomar 30 minutos antes del entrenamiento<br \/>\nNo exceder 2 cucharadas al dia<\/p>\n","protected":false},"featured_media":431,"comment_status":"closed","ping_status":"closed","template":"","meta":[],"product_cat":[19],"product_tag":[],"_links":{"self":[{"href":"https:\/\/www.puranutrition.com.mx\/index.php\/wp-json\/wp\/v2\/product\/430"}],"collection":[{"href":"https:\/\/www.puranutrition.com.mx\/index.php\/wp-json\/wp\/v2\/product"}],"about":[{"href":"https:\/\/www.puranutrition.com.mx\/index.php\/wp-json\/wp\/v2\/types\/product"}],"replies":[{"embeddable":true,"href":"https:\/\/www.puranutrition.com.mx\/index.php\/wp-json\/wp\/v2\/comments?post=430"}],"wp:featuredmedia":[{"embeddable":true,"href":"https:\/\/www.puranutrition.com.mx\/index.php\/wp-json\/wp\/v2\/media\/431"}],"wp:attachment":[{"href":"https:\/\/www.puranutrition.com.mx\/index.php\/wp-json\/wp\/v2\/media?parent=430"}],"wp:term":[{"taxonomy":"product_cat","embeddable":true,"href":"https:\/\/www.puranutrition.com.mx\/index.php\/wp-json\/wp\/v2\/product_cat?post=430"},{"taxonomy":"product_tag","embeddable":true,"href":"https:\/\/www.puranutrition.com.mx\/index.php\/wp-json\/wp\/v2\/product_tag?post=430"}],"curies":[{"name":"wp","href":"https:\/\/api.w.org\/{rel}","templated":true}]}}