{"id":422,"date":"2022-10-25T17:06:14","date_gmt":"2022-10-25T17:06:14","guid":{"rendered":"https:\/\/www.puranutrition.com.mx\/?post_type=product&#038;p=422"},"modified":"2022-11-09T09:00:14","modified_gmt":"2022-11-09T09:00:14","slug":"latina-lean","status":"publish","type":"product","link":"https:\/\/www.puranutrition.com.mx\/index.php\/product\/latina-lean\/","title":{"rendered":"LATINA LEAN"},"content":{"rendered":"<p>Latina Lean es una combinaci\u00f3n perfecta de 17 ingredientes activos, cada uno de los cuales realiza un gran trabajo para quemar grasa, es el \u00fanico complemento alimenticio con una composici\u00f3n ultra innovadora que lo convierte en el quemador de grasa m\u00e1s potente para la mujer.<\/p>\n","protected":false},"excerpt":{"rendered":"<p>Beneficios:<br \/>\nPerdida de grasa<br \/>\nMayor energ\u00eda<br \/>\nImpulsa el metabolismo<\/p>\n<p>Uso Sugerido:<br \/>\nIngerir 1 c\u00e1psula<br \/>\nTomar 30 minutos antes o despu\u00e9s del desayuno.<\/p>\n","protected":false},"featured_media":423,"comment_status":"closed","ping_status":"closed","template":"","meta":[],"product_cat":[21],"product_tag":[],"_links":{"self":[{"href":"https:\/\/www.puranutrition.com.mx\/index.php\/wp-json\/wp\/v2\/product\/422"}],"collection":[{"href":"https:\/\/www.puranutrition.com.mx\/index.php\/wp-json\/wp\/v2\/product"}],"about":[{"href":"https:\/\/www.puranutrition.com.mx\/index.php\/wp-json\/wp\/v2\/types\/product"}],"replies":[{"embeddable":true,"href":"https:\/\/www.puranutrition.com.mx\/index.php\/wp-json\/wp\/v2\/comments?post=422"}],"wp:featuredmedia":[{"embeddable":true,"href":"https:\/\/www.puranutrition.com.mx\/index.php\/wp-json\/wp\/v2\/media\/423"}],"wp:attachment":[{"href":"https:\/\/www.puranutrition.com.mx\/index.php\/wp-json\/wp\/v2\/media?parent=422"}],"wp:term":[{"taxonomy":"product_cat","embeddable":true,"href":"https:\/\/www.puranutrition.com.mx\/index.php\/wp-json\/wp\/v2\/product_cat?post=422"},{"taxonomy":"product_tag","embeddable":true,"href":"https:\/\/www.puranutrition.com.mx\/index.php\/wp-json\/wp\/v2\/product_tag?post=422"}],"curies":[{"name":"wp","href":"https:\/\/api.w.org\/{rel}","templated":true}]}}