{"id":405,"date":"2022-10-25T16:29:28","date_gmt":"2022-10-25T16:29:28","guid":{"rendered":"https:\/\/www.puranutrition.com.mx\/?post_type=product&#038;p=405"},"modified":"2022-11-09T09:01:24","modified_gmt":"2022-11-09T09:01:24","slug":"hydro-lyn-2","status":"publish","type":"product","link":"https:\/\/www.puranutrition.com.mx\/index.php\/product\/hydro-lyn-2\/","title":{"rendered":"HYDRO-LYN +"},"content":{"rendered":"<p>Hydro-Lyn Plus bloquea la absorci\u00f3n de grasas de la dieta l\u00e1ctea, la ingesta de grasas y acelera el metabolismo, no est\u00e1 dise\u00f1ado para principiantes. Hydro-Lyn Plus esta dise\u00f1ado para perder peso y perder grasa corporal.<\/p>\n","protected":false},"excerpt":{"rendered":"<p>Beneficios:<br \/>\nPerdida de peso extrema<br \/>\nImpulsor del metabolismo<br \/>\nControla los antojos y frena el apetito<\/p>\n<p>Uso Sugerido:<br \/>\nIngerir 1 c\u00e1psula<br \/>\nTomar 30 minutos antes o despu\u00e9s del desayuno<\/p>\n","protected":false},"featured_media":406,"comment_status":"closed","ping_status":"closed","template":"","meta":[],"product_cat":[21],"product_tag":[],"_links":{"self":[{"href":"https:\/\/www.puranutrition.com.mx\/index.php\/wp-json\/wp\/v2\/product\/405"}],"collection":[{"href":"https:\/\/www.puranutrition.com.mx\/index.php\/wp-json\/wp\/v2\/product"}],"about":[{"href":"https:\/\/www.puranutrition.com.mx\/index.php\/wp-json\/wp\/v2\/types\/product"}],"replies":[{"embeddable":true,"href":"https:\/\/www.puranutrition.com.mx\/index.php\/wp-json\/wp\/v2\/comments?post=405"}],"wp:featuredmedia":[{"embeddable":true,"href":"https:\/\/www.puranutrition.com.mx\/index.php\/wp-json\/wp\/v2\/media\/406"}],"wp:attachment":[{"href":"https:\/\/www.puranutrition.com.mx\/index.php\/wp-json\/wp\/v2\/media?parent=405"}],"wp:term":[{"taxonomy":"product_cat","embeddable":true,"href":"https:\/\/www.puranutrition.com.mx\/index.php\/wp-json\/wp\/v2\/product_cat?post=405"},{"taxonomy":"product_tag","embeddable":true,"href":"https:\/\/www.puranutrition.com.mx\/index.php\/wp-json\/wp\/v2\/product_tag?post=405"}],"curies":[{"name":"wp","href":"https:\/\/api.w.org\/{rel}","templated":true}]}}