{"id":401,"date":"2022-10-25T16:24:21","date_gmt":"2022-10-25T16:24:21","guid":{"rendered":"https:\/\/www.puranutrition.com.mx\/?post_type=product&#038;p=401"},"modified":"2022-11-09T09:01:45","modified_gmt":"2022-11-09T09:01:45","slug":"hydro-lyn","status":"publish","type":"product","link":"https:\/\/www.puranutrition.com.mx\/index.php\/product\/hydro-lyn\/","title":{"rendered":"HYDRO-LYN"},"content":{"rendered":"<p>Hydro-Lyn combina ingredientes naturales para perder peso que acelera su metabolismo, controla el apetito y promueve la p\u00e9rdida de grasa. Nuestro ingrediente clave, Garcinia Cambogia es una fuente natural de \u00e1cido hidroxic\u00edtrico que trabaja para bloquear las enzimas productoras de grasa del cuerpo.<\/p>\n","protected":false},"excerpt":{"rendered":"<p>Beneficios:<br \/>\nSuplemento de p\u00e9rdida de peso completamente natural<br \/>\nImpulsor del metabolismo<br \/>\nControla los antojos y frena el apetito<\/p>\n<p>Uso Sugerido:<br \/>\nIngerir 1 c\u00e1psula<br \/>\nTomar 30 minutos antes o despu\u00e9s del desayuno.<\/p>\n","protected":false},"featured_media":402,"comment_status":"closed","ping_status":"closed","template":"","meta":[],"product_cat":[21],"product_tag":[],"_links":{"self":[{"href":"https:\/\/www.puranutrition.com.mx\/index.php\/wp-json\/wp\/v2\/product\/401"}],"collection":[{"href":"https:\/\/www.puranutrition.com.mx\/index.php\/wp-json\/wp\/v2\/product"}],"about":[{"href":"https:\/\/www.puranutrition.com.mx\/index.php\/wp-json\/wp\/v2\/types\/product"}],"replies":[{"embeddable":true,"href":"https:\/\/www.puranutrition.com.mx\/index.php\/wp-json\/wp\/v2\/comments?post=401"}],"wp:featuredmedia":[{"embeddable":true,"href":"https:\/\/www.puranutrition.com.mx\/index.php\/wp-json\/wp\/v2\/media\/402"}],"wp:attachment":[{"href":"https:\/\/www.puranutrition.com.mx\/index.php\/wp-json\/wp\/v2\/media?parent=401"}],"wp:term":[{"taxonomy":"product_cat","embeddable":true,"href":"https:\/\/www.puranutrition.com.mx\/index.php\/wp-json\/wp\/v2\/product_cat?post=401"},{"taxonomy":"product_tag","embeddable":true,"href":"https:\/\/www.puranutrition.com.mx\/index.php\/wp-json\/wp\/v2\/product_tag?post=401"}],"curies":[{"name":"wp","href":"https:\/\/api.w.org\/{rel}","templated":true}]}}