{"id":393,"date":"2022-10-25T16:11:25","date_gmt":"2022-10-25T16:11:25","guid":{"rendered":"https:\/\/www.puranutrition.com.mx\/?post_type=product&#038;p=393"},"modified":"2022-11-09T09:02:18","modified_gmt":"2022-11-09T09:02:18","slug":"glutamina","status":"publish","type":"product","link":"https:\/\/www.puranutrition.com.mx\/index.php\/product\/glutamina\/","title":{"rendered":"GLUTAMINA"},"content":{"rendered":"<p>La glutamina es uno de los suplementos mas estables en el mundo del atletismo y el levantamiento de pesas por sus propiedades para la recuperaci\u00f3n y la reducci\u00f3n del dolor muscular. El amino\u00e1cido m\u00e1s com\u00fan que se encuentra en los m\u00fasculos es la glutamina y tambi\u00e9n es un neurotransmisor esencial en el cerebro que ayuda con la memoria, el enfoque y la concentraci\u00f3n.<\/p>\n<p>La glutamina juega un papel importante en la s\u00edntesis de prote\u00ednas y en la reparaci\u00f3n de las fibras musculares despu\u00e9s del entrenamiento m\u00e1s duro.<\/p>\n","protected":false},"excerpt":{"rendered":"<p>Beneficios:<br \/>\nR\u00e1pida absorci\u00f3n<br \/>\nIncrementar masa muscular<br \/>\nReparaci\u00f3n muscular<br \/>\nDisminuci\u00f3n de dolor<\/p>\n<p>Uso Sugerido:<br \/>\nMezclar 1 cucharada con 8 a 10 oz de agua fria u otra bebida de su preferencia<br \/>\nTomar antes, durante o despu\u00e9s del entrenamiento.<\/p>\n","protected":false},"featured_media":394,"comment_status":"closed","ping_status":"closed","template":"","meta":[],"product_cat":[22,20],"product_tag":[],"_links":{"self":[{"href":"https:\/\/www.puranutrition.com.mx\/index.php\/wp-json\/wp\/v2\/product\/393"}],"collection":[{"href":"https:\/\/www.puranutrition.com.mx\/index.php\/wp-json\/wp\/v2\/product"}],"about":[{"href":"https:\/\/www.puranutrition.com.mx\/index.php\/wp-json\/wp\/v2\/types\/product"}],"replies":[{"embeddable":true,"href":"https:\/\/www.puranutrition.com.mx\/index.php\/wp-json\/wp\/v2\/comments?post=393"}],"wp:featuredmedia":[{"embeddable":true,"href":"https:\/\/www.puranutrition.com.mx\/index.php\/wp-json\/wp\/v2\/media\/394"}],"wp:attachment":[{"href":"https:\/\/www.puranutrition.com.mx\/index.php\/wp-json\/wp\/v2\/media?parent=393"}],"wp:term":[{"taxonomy":"product_cat","embeddable":true,"href":"https:\/\/www.puranutrition.com.mx\/index.php\/wp-json\/wp\/v2\/product_cat?post=393"},{"taxonomy":"product_tag","embeddable":true,"href":"https:\/\/www.puranutrition.com.mx\/index.php\/wp-json\/wp\/v2\/product_tag?post=393"}],"curies":[{"name":"wp","href":"https:\/\/api.w.org\/{rel}","templated":true}]}}