{"id":384,"date":"2022-10-25T15:55:14","date_gmt":"2022-10-25T15:55:14","guid":{"rendered":"https:\/\/www.puranutrition.com.mx\/?post_type=product&#038;p=384"},"modified":"2022-11-09T09:03:08","modified_gmt":"2022-11-09T09:03:08","slug":"cla","status":"publish","type":"product","link":"https:\/\/www.puranutrition.com.mx\/index.php\/product\/cla\/","title":{"rendered":"CLA"},"content":{"rendered":"<p>Para aquellos que buscan perder grasa corporal mientras mantienen la masa muscular magra, el CLA de aceite de c\u00e1rtamo es el suplemento ideal para perder peso. Ning\u00fan otro suplemento ha demostrado ser m\u00e1s efectivo para descomponer la grasa mientras contin\u00faa inhibiendo la producci\u00f3n de grasa. Adem\u00e1s, se ha demostrado que el CLA mejora la salud del coraz\u00f3n y promueve un sistema inmunol\u00f3gico m\u00e1s fuerte.<\/p>\n","protected":false},"excerpt":{"rendered":"<p>Beneficios:<br \/>\nApoya la p\u00e9rdida de peso y la reducci\u00f3n de grasa.<br \/>\nRetiene la masa muscular magra<br \/>\nPromueve la salud cardiovascular<\/p>\n<p>Uso Sugerido:<br \/>\nIngerir 2 c\u00e1psulas<br \/>\nTomar 1 hora antes de la comida<\/p>\n","protected":false},"featured_media":385,"comment_status":"closed","ping_status":"closed","template":"","meta":[],"product_cat":[20],"product_tag":[],"_links":{"self":[{"href":"https:\/\/www.puranutrition.com.mx\/index.php\/wp-json\/wp\/v2\/product\/384"}],"collection":[{"href":"https:\/\/www.puranutrition.com.mx\/index.php\/wp-json\/wp\/v2\/product"}],"about":[{"href":"https:\/\/www.puranutrition.com.mx\/index.php\/wp-json\/wp\/v2\/types\/product"}],"replies":[{"embeddable":true,"href":"https:\/\/www.puranutrition.com.mx\/index.php\/wp-json\/wp\/v2\/comments?post=384"}],"wp:featuredmedia":[{"embeddable":true,"href":"https:\/\/www.puranutrition.com.mx\/index.php\/wp-json\/wp\/v2\/media\/385"}],"wp:attachment":[{"href":"https:\/\/www.puranutrition.com.mx\/index.php\/wp-json\/wp\/v2\/media?parent=384"}],"wp:term":[{"taxonomy":"product_cat","embeddable":true,"href":"https:\/\/www.puranutrition.com.mx\/index.php\/wp-json\/wp\/v2\/product_cat?post=384"},{"taxonomy":"product_tag","embeddable":true,"href":"https:\/\/www.puranutrition.com.mx\/index.php\/wp-json\/wp\/v2\/product_tag?post=384"}],"curies":[{"name":"wp","href":"https:\/\/api.w.org\/{rel}","templated":true}]}}