{"id":379,"date":"2022-10-25T15:52:16","date_gmt":"2022-10-25T15:52:16","guid":{"rendered":"https:\/\/www.puranutrition.com.mx\/?post_type=product&#038;p=379"},"modified":"2022-11-09T09:03:29","modified_gmt":"2022-11-09T09:03:29","slug":"brute-bcaa","status":"publish","type":"product","link":"https:\/\/www.puranutrition.com.mx\/index.php\/product\/brute-bcaa\/","title":{"rendered":"BRUTE BCAA"},"content":{"rendered":"<p>Brute BCAA (amino\u00e1cidos de cadena ramificada de alta calidad) es un suplemento integral de recuperaci\u00f3n intra-entrenamiento.<\/p>\n<p>Utiliza la relaci\u00f3n probada 2: 1: 1 que es ideal para estimular la s\u00edntesis de prote\u00edna muscular esto ayuda a aumentar la cantidad de prote\u00ednas que puede utilizar el cuerpo.<\/p>\n<p>Brindando el combustible que se necesitas para crecer y recuperarse.<\/p>\n","protected":false},"excerpt":{"rendered":"<p>Beneficios:<br \/>\nAumenta la s\u00edntesis de prote\u00ednas<br \/>\nPromueve la recuperaci\u00f3n<br \/>\nAumentar masa muscular<\/p>\n<p>Uso Sugerido:<br \/>\nMezclar 1 cucharada con 8 a 12 oz de agua fr\u00eda u otra bebida de su preferencia<br \/>\nTomar antes, durante o despu\u00e9s del entrenamiento.<\/p>\n","protected":false},"featured_media":380,"comment_status":"closed","ping_status":"closed","template":"","meta":[],"product_cat":[22],"product_tag":[],"_links":{"self":[{"href":"https:\/\/www.puranutrition.com.mx\/index.php\/wp-json\/wp\/v2\/product\/379"}],"collection":[{"href":"https:\/\/www.puranutrition.com.mx\/index.php\/wp-json\/wp\/v2\/product"}],"about":[{"href":"https:\/\/www.puranutrition.com.mx\/index.php\/wp-json\/wp\/v2\/types\/product"}],"replies":[{"embeddable":true,"href":"https:\/\/www.puranutrition.com.mx\/index.php\/wp-json\/wp\/v2\/comments?post=379"}],"wp:featuredmedia":[{"embeddable":true,"href":"https:\/\/www.puranutrition.com.mx\/index.php\/wp-json\/wp\/v2\/media\/380"}],"wp:attachment":[{"href":"https:\/\/www.puranutrition.com.mx\/index.php\/wp-json\/wp\/v2\/media?parent=379"}],"wp:term":[{"taxonomy":"product_cat","embeddable":true,"href":"https:\/\/www.puranutrition.com.mx\/index.php\/wp-json\/wp\/v2\/product_cat?post=379"},{"taxonomy":"product_tag","embeddable":true,"href":"https:\/\/www.puranutrition.com.mx\/index.php\/wp-json\/wp\/v2\/product_tag?post=379"}],"curies":[{"name":"wp","href":"https:\/\/api.w.org\/{rel}","templated":true}]}}