{"id":374,"date":"2022-10-25T15:24:46","date_gmt":"2022-10-25T15:24:46","guid":{"rendered":"https:\/\/www.puranutrition.com.mx\/?post_type=product&#038;p=374"},"modified":"2022-11-09T09:03:50","modified_gmt":"2022-11-09T09:03:50","slug":"blood-shot","status":"publish","type":"product","link":"https:\/\/www.puranutrition.com.mx\/index.php\/product\/blood-shot\/","title":{"rendered":"BLOOD-SHOT"},"content":{"rendered":"<p>F\u00f3rmula de preentrenamiento sin estimulantes<\/p>\n<p>Blood Shot produce dosis masivas de los ingredientes potenciadores de \u00f3xido n\u00edtrico m\u00e1s efectivos, dejando a los usuarios con bombas vasculares.<\/p>\n","protected":false},"excerpt":{"rendered":"<p>Beneficios:<br \/>\nMayor Fuerza<br \/>\nMayor Resistencia<br \/>\nMayor Oxigenaci\u00f3n<\/p>\n<p>Uso sugerido:<br \/>\nMezclar 1 cucharada con 10 a 12 oz de agua<br \/>\nTomar 30 minutos antes del entrenamiento.<\/p>\n","protected":false},"featured_media":375,"comment_status":"closed","ping_status":"closed","template":"","meta":[],"product_cat":[19],"product_tag":[],"_links":{"self":[{"href":"https:\/\/www.puranutrition.com.mx\/index.php\/wp-json\/wp\/v2\/product\/374"}],"collection":[{"href":"https:\/\/www.puranutrition.com.mx\/index.php\/wp-json\/wp\/v2\/product"}],"about":[{"href":"https:\/\/www.puranutrition.com.mx\/index.php\/wp-json\/wp\/v2\/types\/product"}],"replies":[{"embeddable":true,"href":"https:\/\/www.puranutrition.com.mx\/index.php\/wp-json\/wp\/v2\/comments?post=374"}],"wp:featuredmedia":[{"embeddable":true,"href":"https:\/\/www.puranutrition.com.mx\/index.php\/wp-json\/wp\/v2\/media\/375"}],"wp:attachment":[{"href":"https:\/\/www.puranutrition.com.mx\/index.php\/wp-json\/wp\/v2\/media?parent=374"}],"wp:term":[{"taxonomy":"product_cat","embeddable":true,"href":"https:\/\/www.puranutrition.com.mx\/index.php\/wp-json\/wp\/v2\/product_cat?post=374"},{"taxonomy":"product_tag","embeddable":true,"href":"https:\/\/www.puranutrition.com.mx\/index.php\/wp-json\/wp\/v2\/product_tag?post=374"}],"curies":[{"name":"wp","href":"https:\/\/api.w.org\/{rel}","templated":true}]}}