{"id":357,"date":"2022-10-20T09:07:07","date_gmt":"2022-10-20T09:07:07","guid":{"rendered":"https:\/\/www.puranutrition.com.mx\/?post_type=product&#038;p=357"},"modified":"2022-11-02T08:37:58","modified_gmt":"2022-11-02T08:37:58","slug":"am-charge","status":"publish","type":"product","link":"https:\/\/www.puranutrition.com.mx\/index.php\/product\/am-charge\/","title":{"rendered":"AM-CHARGE"},"content":{"rendered":"<p>AM CHARGE es un paquete diario con complejo multi vitam\u00ednico, complejo mineral, \u00e1cidos grasos esenciales y extractos herbales que saca lo mejor de ti cada d\u00eda.<\/p>\n","protected":false},"excerpt":{"rendered":"<p>Beneficios:<br \/>\nMejora el enfoque<br \/>\nMayor energ\u00eda<br \/>\nMejor nutrici\u00f3n<\/p>\n<p>Uso Sugerido:<br \/>\nIngerir un paquete al d\u00eda<br \/>\nTomar en las comidas.<\/p>\n","protected":false},"featured_media":358,"comment_status":"closed","ping_status":"closed","template":"","meta":[],"product_cat":[20],"product_tag":[],"_links":{"self":[{"href":"https:\/\/www.puranutrition.com.mx\/index.php\/wp-json\/wp\/v2\/product\/357"}],"collection":[{"href":"https:\/\/www.puranutrition.com.mx\/index.php\/wp-json\/wp\/v2\/product"}],"about":[{"href":"https:\/\/www.puranutrition.com.mx\/index.php\/wp-json\/wp\/v2\/types\/product"}],"replies":[{"embeddable":true,"href":"https:\/\/www.puranutrition.com.mx\/index.php\/wp-json\/wp\/v2\/comments?post=357"}],"wp:featuredmedia":[{"embeddable":true,"href":"https:\/\/www.puranutrition.com.mx\/index.php\/wp-json\/wp\/v2\/media\/358"}],"wp:attachment":[{"href":"https:\/\/www.puranutrition.com.mx\/index.php\/wp-json\/wp\/v2\/media?parent=357"}],"wp:term":[{"taxonomy":"product_cat","embeddable":true,"href":"https:\/\/www.puranutrition.com.mx\/index.php\/wp-json\/wp\/v2\/product_cat?post=357"},{"taxonomy":"product_tag","embeddable":true,"href":"https:\/\/www.puranutrition.com.mx\/index.php\/wp-json\/wp\/v2\/product_tag?post=357"}],"curies":[{"name":"wp","href":"https:\/\/api.w.org\/{rel}","templated":true}]}}