{"id":351,"date":"2022-10-20T09:02:02","date_gmt":"2022-10-20T09:02:02","guid":{"rendered":"https:\/\/www.puranutrition.com.mx\/?post_type=product&#038;p=351"},"modified":"2022-11-09T09:10:26","modified_gmt":"2022-11-09T09:10:26","slug":"addy-pessium","status":"publish","type":"product","link":"https:\/\/www.puranutrition.com.mx\/index.php\/product\/addy-pessium\/","title":{"rendered":"ADDY PESSIUM"},"content":{"rendered":"<p>\u00a1El incinerador de p\u00e9rdida de grasa Adypessum finalmente ha llegado!<\/p>\n<p>La energ\u00eda extrema y la claridad mental se obtienen mediante el uso diario de este potenciador termog\u00e9nico, cuenta con la calidad de grado farmac\u00e9utico.<\/p>\n","protected":false},"excerpt":{"rendered":"<p>Beneficios:<br \/>\nEnerg\u00eda<br \/>\nEnfoque extremo<br \/>\nP\u00e9rdida de grasa<\/p>\n<p>Uso Sugerido:<br \/>\nIngerir de 1 a 2 capsulas<br \/>\nTomar por la ma\u00f1ana 30 minutos antes del desayuno.<\/p>\n","protected":false},"featured_media":352,"comment_status":"closed","ping_status":"closed","template":"","meta":[],"product_cat":[21],"product_tag":[],"_links":{"self":[{"href":"https:\/\/www.puranutrition.com.mx\/index.php\/wp-json\/wp\/v2\/product\/351"}],"collection":[{"href":"https:\/\/www.puranutrition.com.mx\/index.php\/wp-json\/wp\/v2\/product"}],"about":[{"href":"https:\/\/www.puranutrition.com.mx\/index.php\/wp-json\/wp\/v2\/types\/product"}],"replies":[{"embeddable":true,"href":"https:\/\/www.puranutrition.com.mx\/index.php\/wp-json\/wp\/v2\/comments?post=351"}],"wp:featuredmedia":[{"embeddable":true,"href":"https:\/\/www.puranutrition.com.mx\/index.php\/wp-json\/wp\/v2\/media\/352"}],"wp:attachment":[{"href":"https:\/\/www.puranutrition.com.mx\/index.php\/wp-json\/wp\/v2\/media?parent=351"}],"wp:term":[{"taxonomy":"product_cat","embeddable":true,"href":"https:\/\/www.puranutrition.com.mx\/index.php\/wp-json\/wp\/v2\/product_cat?post=351"},{"taxonomy":"product_tag","embeddable":true,"href":"https:\/\/www.puranutrition.com.mx\/index.php\/wp-json\/wp\/v2\/product_tag?post=351"}],"curies":[{"name":"wp","href":"https:\/\/api.w.org\/{rel}","templated":true}]}}