{"id":311,"date":"2022-10-18T21:06:22","date_gmt":"2022-10-18T21:06:22","guid":{"rendered":"https:\/\/www.puranutrition.com.mx\/?post_type=product&#038;p=311"},"modified":"2022-11-09T09:11:43","modified_gmt":"2022-11-09T09:11:43","slug":"raze-pre-workout","status":"publish","type":"product","link":"https:\/\/www.puranutrition.com.mx\/index.php\/product\/raze-pre-workout\/","title":{"rendered":"RAZE PRE-WORKOUT"},"content":{"rendered":"<p>RAZE Pre-Entrenamiento est\u00e1 formulado con todos los incre\u00edbles ingredientes de nuestra bebida energ\u00e9tica RAZE m\u00e1s un impulso adicional para que puedas llevar tus entrenamientos al siguiente nivel.<\/p>\n<p>Potente mezcla de cafe\u00edna, 0 calorias, 0 azucar y 0 carbohidratos.<\/p>\n","protected":false},"excerpt":{"rendered":"<p>Beneficios:<br \/>\nMayor enfoque<br \/>\nAmenta energ\u00eda<br \/>\nRecuperaci\u00f3n de electrolitos<\/p>\n<p>Uso Sugerido:<br \/>\nMezclar 1 cucharada con 8 a 10 oz de agua<br \/>\nTomar 20 minutos antes del entrenamiento.<\/p>\n","protected":false},"featured_media":342,"comment_status":"closed","ping_status":"closed","template":"","meta":[],"product_cat":[19],"product_tag":[],"_links":{"self":[{"href":"https:\/\/www.puranutrition.com.mx\/index.php\/wp-json\/wp\/v2\/product\/311"}],"collection":[{"href":"https:\/\/www.puranutrition.com.mx\/index.php\/wp-json\/wp\/v2\/product"}],"about":[{"href":"https:\/\/www.puranutrition.com.mx\/index.php\/wp-json\/wp\/v2\/types\/product"}],"replies":[{"embeddable":true,"href":"https:\/\/www.puranutrition.com.mx\/index.php\/wp-json\/wp\/v2\/comments?post=311"}],"wp:featuredmedia":[{"embeddable":true,"href":"https:\/\/www.puranutrition.com.mx\/index.php\/wp-json\/wp\/v2\/media\/342"}],"wp:attachment":[{"href":"https:\/\/www.puranutrition.com.mx\/index.php\/wp-json\/wp\/v2\/media?parent=311"}],"wp:term":[{"taxonomy":"product_cat","embeddable":true,"href":"https:\/\/www.puranutrition.com.mx\/index.php\/wp-json\/wp\/v2\/product_cat?post=311"},{"taxonomy":"product_tag","embeddable":true,"href":"https:\/\/www.puranutrition.com.mx\/index.php\/wp-json\/wp\/v2\/product_tag?post=311"}],"curies":[{"name":"wp","href":"https:\/\/api.w.org\/{rel}","templated":true}]}}