{"id":307,"date":"2022-10-18T21:01:53","date_gmt":"2022-10-18T21:01:53","guid":{"rendered":"https:\/\/www.puranutrition.com.mx\/?post_type=product&#038;p=307"},"modified":"2022-11-09T09:15:20","modified_gmt":"2022-11-09T09:15:20","slug":"pnl-isolate-protein","status":"publish","type":"product","link":"https:\/\/www.puranutrition.com.mx\/index.php\/product\/pnl-isolate-protein\/","title":{"rendered":"PNL ISOLATE PROTEIN"},"content":{"rendered":"<p>Sabor delicioso y 100% natural con stevia. Se mezcla f\u00e1cilmente, cero grumos. Ideal para comidas post-entrenamiento o reemplazo de comidas. Bajo en carbohidratos, Bajo en az\u00facar y Bajo en grasa. 24 g de aislado de prote\u00edna de suero filtrado en fr\u00edo de alta calidad por raci\u00f3n. Amino\u00e1cidos de espectro superior para una m\u00e1xima absorci\u00f3n. El aislado de prote\u00edna de suero sin soya es una excelente prote\u00edna de suero para usuarios que experimentan hinchaz\u00f3n y otros problemas asociados con el concentrado de prote\u00edna de suero.Mejora la ecuperaci\u00f3n muscular.<\/p>\n","protected":false},"excerpt":{"rendered":"<p>Beneficios:<br \/>\nApoya y desarrolla el musculo magro<br \/>\nAumenta la recuperaci\u00f3n<\/p>\n<p>&nbsp;<\/p>\n<p>Uso Sugerido:<br \/>\nMezclar 1 cucharada con 12 oz de agua<br \/>\nTomar al despertar y\/o despu\u00e9s del entrenamiento.<\/p>\n","protected":false},"featured_media":338,"comment_status":"closed","ping_status":"closed","template":"","meta":[],"product_cat":[22],"product_tag":[],"_links":{"self":[{"href":"https:\/\/www.puranutrition.com.mx\/index.php\/wp-json\/wp\/v2\/product\/307"}],"collection":[{"href":"https:\/\/www.puranutrition.com.mx\/index.php\/wp-json\/wp\/v2\/product"}],"about":[{"href":"https:\/\/www.puranutrition.com.mx\/index.php\/wp-json\/wp\/v2\/types\/product"}],"replies":[{"embeddable":true,"href":"https:\/\/www.puranutrition.com.mx\/index.php\/wp-json\/wp\/v2\/comments?post=307"}],"wp:featuredmedia":[{"embeddable":true,"href":"https:\/\/www.puranutrition.com.mx\/index.php\/wp-json\/wp\/v2\/media\/338"}],"wp:attachment":[{"href":"https:\/\/www.puranutrition.com.mx\/index.php\/wp-json\/wp\/v2\/media?parent=307"}],"wp:term":[{"taxonomy":"product_cat","embeddable":true,"href":"https:\/\/www.puranutrition.com.mx\/index.php\/wp-json\/wp\/v2\/product_cat?post=307"},{"taxonomy":"product_tag","embeddable":true,"href":"https:\/\/www.puranutrition.com.mx\/index.php\/wp-json\/wp\/v2\/product_tag?post=307"}],"curies":[{"name":"wp","href":"https:\/\/api.w.org\/{rel}","templated":true}]}}