{"id":303,"date":"2022-10-18T20:58:48","date_gmt":"2022-10-18T20:58:48","guid":{"rendered":"https:\/\/www.puranutrition.com.mx\/?post_type=product&#038;p=303"},"modified":"2022-11-09T09:16:11","modified_gmt":"2022-11-09T09:16:11","slug":"morphex","status":"publish","type":"product","link":"https:\/\/www.puranutrition.com.mx\/index.php\/product\/morphex\/","title":{"rendered":"MORPHEX"},"content":{"rendered":"<p>Morphex es el primero en ofrecer dosis completas de sus principales ingredientes activos de grado farmac\u00e9utico para mejorar y maximizar su potencial f\u00edsico. Hasta 4 veces m\u00e1s ingredientes activos, la matriz termo energ\u00e9tica m\u00e1s efectiva puesta en un polvo previo al entrenamiento.<\/p>\n","protected":false},"excerpt":{"rendered":"<p>Beneficios:<br \/>\nNo provoca malestar estomacal ni hinchaz\u00f3n<br \/>\nMaximiza la fortaleza mental y el enfoque<br \/>\nMaximiza la fuerza, la resistencia y la recuperaci\u00f3n<br \/>\nElimina el \u00e1cido l\u00e1ctico y las toxinas<br \/>\nAumenta la inmunidad con una entrega \u00f3ptima de antioxidantes<\/p>\n<p>Uso sugerido:<br \/>\nMezclar 1 cucharada con 8 onzas de agua<br \/>\nTomar 30 minutos antes del entrenamiento.<\/p>\n","protected":false},"featured_media":335,"comment_status":"closed","ping_status":"closed","template":"","meta":[],"product_cat":[19],"product_tag":[],"_links":{"self":[{"href":"https:\/\/www.puranutrition.com.mx\/index.php\/wp-json\/wp\/v2\/product\/303"}],"collection":[{"href":"https:\/\/www.puranutrition.com.mx\/index.php\/wp-json\/wp\/v2\/product"}],"about":[{"href":"https:\/\/www.puranutrition.com.mx\/index.php\/wp-json\/wp\/v2\/types\/product"}],"replies":[{"embeddable":true,"href":"https:\/\/www.puranutrition.com.mx\/index.php\/wp-json\/wp\/v2\/comments?post=303"}],"wp:featuredmedia":[{"embeddable":true,"href":"https:\/\/www.puranutrition.com.mx\/index.php\/wp-json\/wp\/v2\/media\/335"}],"wp:attachment":[{"href":"https:\/\/www.puranutrition.com.mx\/index.php\/wp-json\/wp\/v2\/media?parent=303"}],"wp:term":[{"taxonomy":"product_cat","embeddable":true,"href":"https:\/\/www.puranutrition.com.mx\/index.php\/wp-json\/wp\/v2\/product_cat?post=303"},{"taxonomy":"product_tag","embeddable":true,"href":"https:\/\/www.puranutrition.com.mx\/index.php\/wp-json\/wp\/v2\/product_tag?post=303"}],"curies":[{"name":"wp","href":"https:\/\/api.w.org\/{rel}","templated":true}]}}