{"id":299,"date":"2022-10-18T20:56:34","date_gmt":"2022-10-18T20:56:34","guid":{"rendered":"https:\/\/www.puranutrition.com.mx\/?post_type=product&#038;p=299"},"modified":"2022-11-09T09:16:31","modified_gmt":"2022-11-09T09:16:31","slug":"lypoforce","status":"publish","type":"product","link":"https:\/\/www.puranutrition.com.mx\/index.php\/product\/lypoforce\/","title":{"rendered":"LYPOFORCE"},"content":{"rendered":"<p>L-carnitina l\u00edquida de rendimiento: esta f\u00f3rmula especial ayuda a descomponer las c\u00e9lulas grasas, aumentar la energ\u00eda y estimular la funci\u00f3n cerebral. Comience su d\u00eda con una cucharada de L-Carnitina y acelere la p\u00e9rdida de grasa mientras se enfoca en sus metas diarias.<\/p>\n","protected":false},"excerpt":{"rendered":"<p>Beneficios:<br \/>\nPerdida de peso<br \/>\nMayor resistencia<br \/>\nEstimula la funci\u00f3n cerebral<\/p>\n<p>Uso Sugerido:<br \/>\nIngerir de \u00bd a 1 tapa al d\u00eda<br \/>\nTomar 20 minutos antes del entrenamiento o de cualquier actividad.<\/p>\n","protected":false},"featured_media":332,"comment_status":"closed","ping_status":"closed","template":"","meta":[],"product_cat":[21],"product_tag":[],"_links":{"self":[{"href":"https:\/\/www.puranutrition.com.mx\/index.php\/wp-json\/wp\/v2\/product\/299"}],"collection":[{"href":"https:\/\/www.puranutrition.com.mx\/index.php\/wp-json\/wp\/v2\/product"}],"about":[{"href":"https:\/\/www.puranutrition.com.mx\/index.php\/wp-json\/wp\/v2\/types\/product"}],"replies":[{"embeddable":true,"href":"https:\/\/www.puranutrition.com.mx\/index.php\/wp-json\/wp\/v2\/comments?post=299"}],"wp:featuredmedia":[{"embeddable":true,"href":"https:\/\/www.puranutrition.com.mx\/index.php\/wp-json\/wp\/v2\/media\/332"}],"wp:attachment":[{"href":"https:\/\/www.puranutrition.com.mx\/index.php\/wp-json\/wp\/v2\/media?parent=299"}],"wp:term":[{"taxonomy":"product_cat","embeddable":true,"href":"https:\/\/www.puranutrition.com.mx\/index.php\/wp-json\/wp\/v2\/product_cat?post=299"},{"taxonomy":"product_tag","embeddable":true,"href":"https:\/\/www.puranutrition.com.mx\/index.php\/wp-json\/wp\/v2\/product_tag?post=299"}],"curies":[{"name":"wp","href":"https:\/\/api.w.org\/{rel}","templated":true}]}}