{"id":293,"date":"2022-10-18T20:40:07","date_gmt":"2022-10-18T20:40:07","guid":{"rendered":"https:\/\/www.puranutrition.com.mx\/?post_type=product&#038;p=293"},"modified":"2022-11-09T09:17:51","modified_gmt":"2022-11-09T09:17:51","slug":"karbolyn","status":"publish","type":"product","link":"https:\/\/www.puranutrition.com.mx\/index.php\/product\/karbolyn\/","title":{"rendered":"KARBOLYN"},"content":{"rendered":"<p>Carbohidratos de absorci\u00f3n r\u00e1pida con sostenibilidad de carbohidratos complejos, fuente de combustible de carga de gluc\u00f3geno. Sin az\u00facar, sin gluten, sin estimulantes, apto para veganos.<\/p>\n","protected":false},"excerpt":{"rendered":"<p>Beneficios:<br \/>\nMejorar la resistencia atl\u00e9tica<br \/>\nIntensifica las bombas musculares<br \/>\nMaximiza la fuerza y la potencia de salida<\/p>\n<p>&nbsp;<\/p>\n<p>Uso Sugerido:<br \/>\nMezclar 1 cucharada con 16 oz de agua<br \/>\nTomar 30 minutos antes del entrenamiento.<\/p>\n","protected":false},"featured_media":331,"comment_status":"closed","ping_status":"closed","template":"","meta":[],"product_cat":[19],"product_tag":[],"_links":{"self":[{"href":"https:\/\/www.puranutrition.com.mx\/index.php\/wp-json\/wp\/v2\/product\/293"}],"collection":[{"href":"https:\/\/www.puranutrition.com.mx\/index.php\/wp-json\/wp\/v2\/product"}],"about":[{"href":"https:\/\/www.puranutrition.com.mx\/index.php\/wp-json\/wp\/v2\/types\/product"}],"replies":[{"embeddable":true,"href":"https:\/\/www.puranutrition.com.mx\/index.php\/wp-json\/wp\/v2\/comments?post=293"}],"wp:featuredmedia":[{"embeddable":true,"href":"https:\/\/www.puranutrition.com.mx\/index.php\/wp-json\/wp\/v2\/media\/331"}],"wp:attachment":[{"href":"https:\/\/www.puranutrition.com.mx\/index.php\/wp-json\/wp\/v2\/media?parent=293"}],"wp:term":[{"taxonomy":"product_cat","embeddable":true,"href":"https:\/\/www.puranutrition.com.mx\/index.php\/wp-json\/wp\/v2\/product_cat?post=293"},{"taxonomy":"product_tag","embeddable":true,"href":"https:\/\/www.puranutrition.com.mx\/index.php\/wp-json\/wp\/v2\/product_tag?post=293"}],"curies":[{"name":"wp","href":"https:\/\/api.w.org\/{rel}","templated":true}]}}