{"id":1061,"date":"2023-02-03T08:57:14","date_gmt":"2023-02-03T08:57:14","guid":{"rendered":"https:\/\/www.puranutrition.com.mx\/?post_type=product&#038;p=1061"},"modified":"2023-02-03T08:57:14","modified_gmt":"2023-02-03T08:57:14","slug":"inhuman","status":"publish","type":"product","link":"https:\/\/www.puranutrition.com.mx\/index.php\/product\/inhuman\/","title":{"rendered":"Inhuman"},"content":{"rendered":"<p>Inhuman es un pre-entreno con todos los estimulantes que conoces y amas, icluye 2 aminoacidos (DMHA), una triple fuente de cafe\u00edna. Es una f\u00f3rmula de energ\u00eda solida.<\/p>\n","protected":false},"excerpt":{"rendered":"<p>&nbsp;<\/p>\n<p>Beneficios:<br \/>\nAumenta la energ\u00eda<br \/>\nMejor enfoque<br \/>\nMayor resistencia<\/p>\n<p>Uso sugerido:<br \/>\nMezclar 1 cucharada con 12 onzas de agua<br \/>\nTomar 30 minutos antes del entrenamiento.<\/p>\n","protected":false},"featured_media":1064,"comment_status":"closed","ping_status":"closed","template":"","meta":[],"product_cat":[16],"product_tag":[],"_links":{"self":[{"href":"https:\/\/www.puranutrition.com.mx\/index.php\/wp-json\/wp\/v2\/product\/1061"}],"collection":[{"href":"https:\/\/www.puranutrition.com.mx\/index.php\/wp-json\/wp\/v2\/product"}],"about":[{"href":"https:\/\/www.puranutrition.com.mx\/index.php\/wp-json\/wp\/v2\/types\/product"}],"replies":[{"embeddable":true,"href":"https:\/\/www.puranutrition.com.mx\/index.php\/wp-json\/wp\/v2\/comments?post=1061"}],"wp:featuredmedia":[{"embeddable":true,"href":"https:\/\/www.puranutrition.com.mx\/index.php\/wp-json\/wp\/v2\/media\/1064"}],"wp:attachment":[{"href":"https:\/\/www.puranutrition.com.mx\/index.php\/wp-json\/wp\/v2\/media?parent=1061"}],"wp:term":[{"taxonomy":"product_cat","embeddable":true,"href":"https:\/\/www.puranutrition.com.mx\/index.php\/wp-json\/wp\/v2\/product_cat?post=1061"},{"taxonomy":"product_tag","embeddable":true,"href":"https:\/\/www.puranutrition.com.mx\/index.php\/wp-json\/wp\/v2\/product_tag?post=1061"}],"curies":[{"name":"wp","href":"https:\/\/api.w.org\/{rel}","templated":true}]}}