{"id":1028,"date":"2023-02-03T08:38:47","date_gmt":"2023-02-03T08:38:47","guid":{"rendered":"https:\/\/www.puranutrition.com.mx\/?post_type=product&#038;p=1028"},"modified":"2023-02-03T08:38:47","modified_gmt":"2023-02-03T08:38:47","slug":"adrenolyn","status":"publish","type":"product","link":"https:\/\/www.puranutrition.com.mx\/index.php\/product\/adrenolyn\/","title":{"rendered":"ADRENOLYN"},"content":{"rendered":"<p>Adrenolyn Nootropic eleva tu mente, esta dise\u00f1ado para para mejorar la funci\u00f3n cognitiva y el enfoque. Formulado con ingrdientes avanzados dise\u00f1ados para aumentar el estado de alerta y brindar energ\u00eda.<\/p>\n","protected":false},"excerpt":{"rendered":"<p>Beneficios:<br \/>\nMaximiza la fortaleza mental y el enfoque<br \/>\nAumenta los niveles de energ\u00eda<br \/>\nMejora el rendimiento corporal<\/p>\n<p>Uso sugerido:<br \/>\nMezclar 1 cucharada con 12 onzas de agua<br \/>\nTomar 30 minutos antes del entrenamiento.<\/p>\n","protected":false},"featured_media":1043,"comment_status":"closed","ping_status":"closed","template":"","meta":[],"product_cat":[16],"product_tag":[],"_links":{"self":[{"href":"https:\/\/www.puranutrition.com.mx\/index.php\/wp-json\/wp\/v2\/product\/1028"}],"collection":[{"href":"https:\/\/www.puranutrition.com.mx\/index.php\/wp-json\/wp\/v2\/product"}],"about":[{"href":"https:\/\/www.puranutrition.com.mx\/index.php\/wp-json\/wp\/v2\/types\/product"}],"replies":[{"embeddable":true,"href":"https:\/\/www.puranutrition.com.mx\/index.php\/wp-json\/wp\/v2\/comments?post=1028"}],"wp:featuredmedia":[{"embeddable":true,"href":"https:\/\/www.puranutrition.com.mx\/index.php\/wp-json\/wp\/v2\/media\/1043"}],"wp:attachment":[{"href":"https:\/\/www.puranutrition.com.mx\/index.php\/wp-json\/wp\/v2\/media?parent=1028"}],"wp:term":[{"taxonomy":"product_cat","embeddable":true,"href":"https:\/\/www.puranutrition.com.mx\/index.php\/wp-json\/wp\/v2\/product_cat?post=1028"},{"taxonomy":"product_tag","embeddable":true,"href":"https:\/\/www.puranutrition.com.mx\/index.php\/wp-json\/wp\/v2\/product_tag?post=1028"}],"curies":[{"name":"wp","href":"https:\/\/api.w.org\/{rel}","templated":true}]}}