{"id":180,"date":"2022-10-11T06:52:03","date_gmt":"2022-10-11T06:52:03","guid":{"rendered":"https:\/\/www.puranutrition.com.mx\/?page_id=180"},"modified":"2022-10-29T07:41:18","modified_gmt":"2022-10-29T07:41:18","slug":"nosotros","status":"publish","type":"page","link":"https:\/\/www.puranutrition.com.mx\/index.php\/nosotros\/","title":{"rendered":"Nosotros"},"content":{"rendered":"<p>[vc_row css=&#8221;.vc_custom_1667028840068{background-color: #000000 !important;}&#8221;][vc_column width=&#8221;1\/6&#8243;][\/vc_column][vc_column width=&#8221;2\/3&#8243;]<div  class=\"wpb_content_element   clearfix\"><style type=\"text\/css\">#ut_am_69e0657c25085 { opacity: 1; }#ut_am_wrap_69e0657c25086 .ut-image-gallery-item-caption-title h3 { letter-spacing: 0em; }#ut_am_wrap_69e0657c25086 .ut-gallery-slider-caption { font-weight: bold; }#ut_am_wrap_69e0657c25086 { text-align: center; }@media (min-width: 768px) and (max-width: 1024px) { #ut_am_wrap_69e0657c25086 { text-align: center !important; } }@media (max-width: 767px) { #ut_am_wrap_69e0657c25086 { text-align: center !important; } }<\/style><div id=\"ut_am_wrap_69e0657c25086\" class=\"ut-image-gallery-image \"><div id=\"ut_reveal_69e0657c25087\"  data-appear-top-offset=\"auto\" class=\"ut-animated-image-item ut-image-gallery-item ut-animation-done \"><a class=\"ut-deactivated-link\" href=\"#\"><div class=\"ut-animated-image-zoom\"><img class=\"ut-lazy skip-lazy ut-animated-image\"  id=\"ut_am_69e0657c25085\" src=\"data:image\/svg+xml;charset=utf-8,%3Csvg xmlns%3D'http%3A%2F%2Fwww.w3.org%2F2000%2Fsvg' viewBox%3D'0 0 250 138'%2F%3E\" data-src=\"https:\/\/www.puranutrition.com.mx\/wp-content\/uploads\/2022\/10\/logo-pura-rojo.png\" width=\"250\" height=\"138\" alt=\"\"\/><\/div><\/a><\/div><\/div><\/div>[vc_empty_space height=&#8221;20px&#8221;][vc_column_text]<\/p>\n<h3 style=\"text-align: center;\"><span style=\"color: #ffffff;\">Quienes somos.<\/span><\/h3>\n<p>[\/vc_column_text][vc_column_text]<span style=\"color: #ffffff;\">Somos Pura Nutrition compa\u00f1\u00eda fundada en Texas, Estados Unidos en el a\u00f1o 2006 por Miguel Rojas (CEO).<\/span><\/p>\n<p><span style=\"color: #ffffff;\">\u00a1Somos una empresa de grado farmac\u00e9utico, utilizamos ingenier\u00eda altamente avanzada dedicada a la industria de los suplementos alimenticios!<\/span><\/p>\n<p><span style=\"color: #ffffff;\">Utilizamos solo ingredientes de alta calidad, llevando a el siguiente nivel a cada persona en su desarrollo diario al consumir nuestros productos. Entregamos y desarrollamos la mejor experiencia:<\/span><\/p>\n<p><span style=\"color: #ffffff;\">+Salud<\/span><br \/>\n<span style=\"color: #ffffff;\">+Enfoque<\/span><br \/>\n<span style=\"color: #ffffff;\">+Concentraci\u00f3n<\/span><br \/>\n<span style=\"color: #ffffff;\">+Fuerza<\/span><br \/>\n<span style=\"color: #ffffff;\">+Rendimiento<\/span><br \/>\n<span style=\"color: #ffffff;\">+Energ\u00eda<\/span><br \/>\n<span style=\"color: #ffffff;\">+Regeneraci\u00f3n <\/span><br \/>\n<span style=\"color: #ffffff;\">+Descanso<\/span>[\/vc_column_text][\/vc_column][vc_column width=&#8221;1\/6&#8243;][\/vc_column][\/vc_row][vc_row css=&#8221;.vc_custom_1665515346230{background-image: url(https:\/\/www.puranutrition.com.mx\/wp-content\/uploads\/2022\/10\/fondo-distrubuidores.jpg?id=29) !important;background-position: center !important;background-repeat: no-repeat !important;background-size: cover !important;}&#8221;][vc_column width=&#8221;1\/4&#8243;]<div  class=\"wpb_content_element   clearfix\"><style type=\"text\/css\">#ut_am_69e0657c25bdc { opacity: 1; }#ut_am_wrap_69e0657c25bdd .ut-image-gallery-item-caption-title h3 { letter-spacing: 0em; }#ut_am_wrap_69e0657c25bdd .ut-gallery-slider-caption { font-weight: bold; }#ut_am_wrap_69e0657c25bdd { text-align: center; }@media (min-width: 768px) and (max-width: 1024px) { #ut_am_wrap_69e0657c25bdd { text-align: center !important; } }@media (max-width: 767px) { #ut_am_wrap_69e0657c25bdd { text-align: center !important; } }<\/style><div id=\"ut_am_wrap_69e0657c25bdd\" class=\"ut-image-gallery-image \"><div id=\"ut_reveal_69e0657c25bde\"  data-appear-top-offset=\"auto\" class=\"ut-animated-image-item ut-image-gallery-item ut-animation-done \"><a class=\"ut-deactivated-link\" href=\"#\"><div class=\"ut-animated-image-zoom\"><img class=\"ut-lazy skip-lazy ut-animated-image\"  id=\"ut_am_69e0657c25bdc\" src=\"data:image\/svg+xml;charset=utf-8,%3Csvg xmlns%3D'http%3A%2F%2Fwww.w3.org%2F2000%2Fsvg' viewBox%3D'0 0 1842 1244'%2F%3E\" data-src=\"https:\/\/www.puranutrition.com.mx\/wp-content\/uploads\/2022\/10\/masa-muscular.jpg\" width=\"1842\" height=\"1244\" alt=\"\"\/><\/div><\/a><\/div><\/div><\/div>[vc_column_text]<\/p>\n<p style=\"text-align: center;\"><span style=\"font-family: goodtimesrg; color: #ffffff;\">MASA MUSCULAR<\/span><\/p>\n<p>[\/vc_column_text][\/vc_column][vc_column width=&#8221;1\/4&#8243;]<div  class=\"wpb_content_element   clearfix\"><style type=\"text\/css\">#ut_am_69e0657c260e6 { opacity: 1; }#ut_am_wrap_69e0657c260e7 .ut-image-gallery-item-caption-title h3 { letter-spacing: 0em; }#ut_am_wrap_69e0657c260e7 .ut-gallery-slider-caption { font-weight: bold; }#ut_am_wrap_69e0657c260e7 { text-align: center; }@media (min-width: 768px) and (max-width: 1024px) { #ut_am_wrap_69e0657c260e7 { text-align: center !important; } }@media (max-width: 767px) { #ut_am_wrap_69e0657c260e7 { text-align: center !important; } }<\/style><div id=\"ut_am_wrap_69e0657c260e7\" class=\"ut-image-gallery-image \"><div id=\"ut_reveal_69e0657c260e8\"  data-appear-top-offset=\"auto\" class=\"ut-animated-image-item ut-image-gallery-item ut-animation-done \"><a class=\"ut-deactivated-link\" href=\"#\"><div class=\"ut-animated-image-zoom\"><img class=\"ut-lazy skip-lazy ut-animated-image\"  id=\"ut_am_69e0657c260e6\" src=\"data:image\/svg+xml;charset=utf-8,%3Csvg xmlns%3D'http%3A%2F%2Fwww.w3.org%2F2000%2Fsvg' viewBox%3D'0 0 1854 1244'%2F%3E\" data-src=\"https:\/\/www.puranutrition.com.mx\/wp-content\/uploads\/2022\/10\/perdida-grasa.jpg\" width=\"1854\" height=\"1244\" alt=\"\"\/><\/div><\/a><\/div><\/div><\/div>[vc_column_text]<\/p>\n<p style=\"text-align: center;\"><span style=\"font-family: goodtimesrg; color: #ffffff;\">PERDIDA DE GRASA<\/span><\/p>\n<p>[\/vc_column_text][\/vc_column][vc_column width=&#8221;1\/4&#8243;]<div  class=\"wpb_content_element   clearfix\"><style type=\"text\/css\">#ut_am_69e0657c26508 { opacity: 1; }#ut_am_wrap_69e0657c26509 .ut-image-gallery-item-caption-title h3 { letter-spacing: 0em; }#ut_am_wrap_69e0657c26509 .ut-gallery-slider-caption { font-weight: bold; }#ut_am_wrap_69e0657c26509 { text-align: center; }@media (min-width: 768px) and (max-width: 1024px) { #ut_am_wrap_69e0657c26509 { text-align: center !important; } }@media (max-width: 767px) { #ut_am_wrap_69e0657c26509 { text-align: center !important; } }<\/style><div id=\"ut_am_wrap_69e0657c26509\" class=\"ut-image-gallery-image \"><div id=\"ut_reveal_69e0657c2650a\"  data-appear-top-offset=\"auto\" class=\"ut-animated-image-item ut-image-gallery-item ut-animation-done \"><a class=\"ut-deactivated-link\" href=\"#\"><div class=\"ut-animated-image-zoom\"><img class=\"ut-lazy skip-lazy ut-animated-image\"  id=\"ut_am_69e0657c26508\" src=\"data:image\/svg+xml;charset=utf-8,%3Csvg xmlns%3D'http%3A%2F%2Fwww.w3.org%2F2000%2Fsvg' viewBox%3D'0 0 1854 1244'%2F%3E\" data-src=\"https:\/\/www.puranutrition.com.mx\/wp-content\/uploads\/2022\/10\/frotaleza.jpg\" width=\"1854\" height=\"1244\" alt=\"\"\/><\/div><\/a><\/div><\/div><\/div>[vc_column_text]<\/p>\n<p style=\"text-align: center;\"><span style=\"color: #ffffff; font-family: goodtimesrg;\">FUERZA<\/span><\/p>\n<p>[\/vc_column_text][\/vc_column][vc_column width=&#8221;1\/4&#8243;]<div  class=\"wpb_content_element   clearfix\"><style type=\"text\/css\">#ut_am_69e0657c269b7 { opacity: 1; }#ut_am_wrap_69e0657c269b8 .ut-image-gallery-item-caption-title h3 { letter-spacing: 0em; }#ut_am_wrap_69e0657c269b8 .ut-gallery-slider-caption { font-weight: bold; }#ut_am_wrap_69e0657c269b8 { text-align: center; }@media (min-width: 768px) and (max-width: 1024px) { #ut_am_wrap_69e0657c269b8 { text-align: center !important; } }@media (max-width: 767px) { #ut_am_wrap_69e0657c269b8 { text-align: center !important; } }<\/style><div id=\"ut_am_wrap_69e0657c269b8\" class=\"ut-image-gallery-image \"><div id=\"ut_reveal_69e0657c269b9\"  data-appear-top-offset=\"auto\" class=\"ut-animated-image-item ut-image-gallery-item ut-animation-done \"><a class=\"ut-deactivated-link\" href=\"#\"><div class=\"ut-animated-image-zoom\"><img class=\"ut-lazy skip-lazy ut-animated-image\"  id=\"ut_am_69e0657c269b7\" src=\"data:image\/svg+xml;charset=utf-8,%3Csvg xmlns%3D'http%3A%2F%2Fwww.w3.org%2F2000%2Fsvg' viewBox%3D'0 0 1854 1244'%2F%3E\" data-src=\"https:\/\/www.puranutrition.com.mx\/wp-content\/uploads\/2022\/10\/saludable.jpg\" width=\"1854\" height=\"1244\" alt=\"\"\/><\/div><\/a><\/div><\/div><\/div>[vc_column_text]<\/p>\n<p style=\"text-align: center;\"><span style=\"font-family: goodtimesrg; color: #ffffff;\">SALUDABLE<\/span><\/p>\n<p>[\/vc_column_text][\/vc_column][\/vc_row][vc_row css=&#8221;.vc_custom_1664948543688{background-color: #000000 !important;}&#8221;][vc_column width=&#8221;1\/4&#8243;][\/vc_column][vc_column width=&#8221;1\/2&#8243;]<div  class=\"wpb_content_element   clearfix\"><style type=\"text\/css\">#ut_am_69e0657c26da5 { opacity: 1; }#ut_am_wrap_69e0657c26da6 .ut-image-gallery-item-caption-title h3 { letter-spacing: 0em; }#ut_am_wrap_69e0657c26da6 .ut-gallery-slider-caption { font-weight: bold; }#ut_am_wrap_69e0657c26da6 { text-align: left; }@media (min-width: 768px) and (max-width: 1024px) { #ut_am_wrap_69e0657c26da6 { text-align: left !important; } }@media (max-width: 767px) { #ut_am_wrap_69e0657c26da6 { text-align: center !important; } }<\/style><div id=\"ut_am_wrap_69e0657c26da6\" class=\"ut-image-gallery-image \"><div id=\"ut_reveal_69e0657c26da7\"  data-appear-top-offset=\"auto\" class=\"ut-animated-image-item ut-image-gallery-item ut-animation-done \"><a class=\"ut-deactivated-link\" href=\"#\"><div class=\"ut-animated-image-zoom\"><img class=\"ut-lazy skip-lazy ut-animated-image\"  id=\"ut_am_69e0657c26da5\" src=\"data:image\/svg+xml;charset=utf-8,%3Csvg xmlns%3D'http%3A%2F%2Fwww.w3.org%2F2000%2Fsvg' viewBox%3D'0 0 1200 709'%2F%3E\" data-src=\"https:\/\/www.puranutrition.com.mx\/wp-content\/uploads\/2022\/10\/logo2-pura-seccion-nosotros.png\" width=\"1200\" height=\"709\" alt=\"\"\/><\/div><\/a><\/div><\/div><\/div>[\/vc_column][vc_column width=&#8221;1\/4&#8243;][\/vc_column][\/vc_row]<\/p>\n","protected":false},"excerpt":{"rendered":"<p>[vc_row css=&#8221;.vc_custom_1667028840068{background-color: #000000 !important;}&#8221;][vc_column width=&#8221;1\/6&#8243;][\/vc_column][vc_column width=&#8221;2\/3&#8243;][vc_empty_space height=&#8221;20px&#8221;][vc_column_text] Quienes somos. [\/vc_column_text][vc_column_text]Somos Pura Nutrition compa\u00f1\u00eda fundada en Texas, Estados Unidos en el a\u00f1o 2006 por Miguel Rojas (CEO). \u00a1Somos una empresa de grado farmac\u00e9utico, utilizamos ingenier\u00eda altamente avanzada dedicada a la industria de los suplementos alimenticios! Utilizamos solo ingredientes de alta calidad, llevando a el siguiente nivel [&hellip;]<\/p>\n","protected":false},"author":1,"featured_media":0,"parent":0,"menu_order":0,"comment_status":"closed","ping_status":"closed","template":"","meta":[],"_links":{"self":[{"href":"https:\/\/www.puranutrition.com.mx\/index.php\/wp-json\/wp\/v2\/pages\/180"}],"collection":[{"href":"https:\/\/www.puranutrition.com.mx\/index.php\/wp-json\/wp\/v2\/pages"}],"about":[{"href":"https:\/\/www.puranutrition.com.mx\/index.php\/wp-json\/wp\/v2\/types\/page"}],"author":[{"embeddable":true,"href":"https:\/\/www.puranutrition.com.mx\/index.php\/wp-json\/wp\/v2\/users\/1"}],"replies":[{"embeddable":true,"href":"https:\/\/www.puranutrition.com.mx\/index.php\/wp-json\/wp\/v2\/comments?post=180"}],"version-history":[{"count":11,"href":"https:\/\/www.puranutrition.com.mx\/index.php\/wp-json\/wp\/v2\/pages\/180\/revisions"}],"predecessor-version":[{"id":476,"href":"https:\/\/www.puranutrition.com.mx\/index.php\/wp-json\/wp\/v2\/pages\/180\/revisions\/476"}],"wp:attachment":[{"href":"https:\/\/www.puranutrition.com.mx\/index.php\/wp-json\/wp\/v2\/media?parent=180"}],"curies":[{"name":"wp","href":"https:\/\/api.w.org\/{rel}","templated":true}]}}